{"id":8043,"date":"2020-02-13T09:53:11","date_gmt":"2020-02-13T08:53:11","guid":{"rendered":"https:\/\/gehri.ch\/?page_id=8043"},"modified":"2024-04-30T11:55:36","modified_gmt":"2024-04-30T09:55:36","slug":"pour-architectes","status":"publish","type":"page","link":"https:\/\/gehri.ch\/fr\/pour-architectes\/","title":{"rendered":"L&rsquo;alliance du Beau et du Fonctionnel est votre passion&thinsp;? Alors quoi de plus naturel que de travailler ensemble&thinsp;?"},"content":{"rendered":"<p class=\"lead\">En tant que partenaire comp\u00e9tent avec plus de 50 ans d&rsquo;exp\u00e9rience, nous soutenons les architectes dans leurs projets. Gehri est bien plus qu&rsquo;une simple menuiserie : nous d\u00e9veloppons et produisons des solutions d&rsquo;am\u00e9nagement et de mobilier s\u00e9duisantes et agr\u00e9able, qui laissent une impression inoubliable aux clients et aux utilisateurs. Chaque projet est unique et m\u00e9rite une mise en \u0153uvre parfaite. Il r\u00e9sulte toujours d&rsquo;une collaboration sur mesure. Et c&rsquo;est exactement l\u00e0 que nous intervenons : nous vous proposons une large gamme de services sp\u00e9cifiques dans le domaine de la planification et de la production \u2014 au cours des diff\u00e9rentes \u00e9tapes du projet ou de A \u00e0 Z. Ainsi, votre projet prend forme.<\/p>\n<p><strong>Vos avantages en un coup d\u2019\u0153il :<\/strong><\/p>\n<h4>Soutien au d\u00e9veloppement de projets \/ conseil technique<\/h4>\n<p>Lors de la mise en \u0153uvre de votre projet, vous b\u00e9n\u00e9ficierez de tous les avantages que nous avons \u00e0 offrir gr\u00e2ce \u00e0 notre savoir-faire et \u00e0 notre solide exp\u00e9rience. Nous suivons de tr\u00e8s pr\u00e8s l&rsquo;\u00e9volution du march\u00e9 et entretenons des contacts intensifs avec les fabricants et les fournisseurs des mat\u00e9riaux que nous transformons dans notre menuiserie. Vous b\u00e9n\u00e9ficiez des derni\u00e8res tendances et innovations \u2014 en combinaison avec l&rsquo;artisanat et la production contemporaine. Nous vous soutenons et vous conseillons volontiers pour toutes les questions relatives \u00e0 la construction, aux mat\u00e9riaux, aux am\u00e9nagements, etc.<\/p>\n<h4>Production de prototypes \u2014 concrets et fonctionnels<\/h4>\n<p>Il est important pour nous que vous et votre client puissiez \u00e9prouver et exp\u00e9rimenter le projet pr\u00e9vu. Nous r\u00e9alisons donc des \u00e9chantillons de produits, des prototypes d\u00e9taill\u00e9s ou des \u00e9tudes ergonomiques pour affiner les id\u00e9es en fonction des r\u00e9actions et des commentaires et pour consolider les choix effectu\u00e9s.<\/p>\n<h4>Budget : Ici aussi, nous attachons une grande importance \u00e0 la transparence<\/h4>\n<p>Sur la base de notre exp\u00e9rience, nous vous proposons une projection budg\u00e9taire pour les \u00e9l\u00e9ments de menuiserie de votre projet en deux \u00e9tapes : d&rsquo;abord une estimation approximative, suivie d&rsquo;une budg\u00e9tisation d\u00e9taill\u00e9e. Nous mettons l&rsquo;accent sur la transparence et nous nous engageons \u00e0 respecter le budget, que nous d\u00e9finissons ensemble.<\/p>\n<h4>Fabrication : Design d&rsquo;int\u00e9rieur et fabrication de meubles \u2014 o\u00f9 la tradition rencontre l&rsquo;air du temps<\/h4>\n<p>Dans notre atelier de menuiserie, nous combinons l&rsquo;innovation et un solide savoir-faire artisanal pour mettre en \u0153uvre votre projet de mani\u00e8re optimale. Nos collaborateurs qualifi\u00e9s travaillent sans rel\u00e2che pour que vos id\u00e9es prennent forme. La qualit\u00e9, le respect des d\u00e9lais de livraison et la pr\u00e9cision sont nos priorit\u00e9s absolues, second\u00e9s par la technologie et des installations de production de pointe. Un instinct s\u00fbr et un enthousiasme pour les combinaisons de mat\u00e9riaux, un design \u00e9l\u00e9gant et fonctionnel ainsi qu&rsquo;un assemblage sans faille sont les caract\u00e9ristiques de notre menuiserie.<\/p>\n<p>Laissez-nous vous convaincre de notre gamme compl\u00e8te de services lors d&rsquo;un entretien personnel.<\/p>\n","protected":false},"excerpt":{"rendered":"<p>En tant que partenaire comp\u00e9tent avec plus de 50 ans d&rsquo;exp\u00e9rience, nous soutenons les architectes dans leurs projets. Gehri est bien plus qu&rsquo;une simple menuiserie : nous d\u00e9veloppons et produisons des solutions d&rsquo;am\u00e9nagement et de mobilier s\u00e9duisantes et agr\u00e9able, qui laissent une impression inoubliable aux clients et aux utilisateurs. Chaque projet est unique et m\u00e9rite &hellip;<\/p>\n","protected":false},"author":5,"featured_media":2644,"parent":0,"menu_order":0,"comment_status":"closed","ping_status":"closed","template":"","meta":[],"_links":{"self":[{"href":"https:\/\/gehri.ch\/fr\/wp-json\/wp\/v2\/pages\/8043"}],"collection":[{"href":"https:\/\/gehri.ch\/fr\/wp-json\/wp\/v2\/pages"}],"about":[{"href":"https:\/\/gehri.ch\/fr\/wp-json\/wp\/v2\/types\/page"}],"author":[{"embeddable":true,"href":"https:\/\/gehri.ch\/fr\/wp-json\/wp\/v2\/users\/5"}],"replies":[{"embeddable":true,"href":"https:\/\/gehri.ch\/fr\/wp-json\/wp\/v2\/comments?post=8043"}],"version-history":[{"count":5,"href":"https:\/\/gehri.ch\/fr\/wp-json\/wp\/v2\/pages\/8043\/revisions"}],"predecessor-version":[{"id":16561,"href":"https:\/\/gehri.ch\/fr\/wp-json\/wp\/v2\/pages\/8043\/revisions\/16561"}],"wp:featuredmedia":[{"embeddable":true,"href":"https:\/\/gehri.ch\/fr\/wp-json\/wp\/v2\/media\/2644"}],"wp:attachment":[{"href":"https:\/\/gehri.ch\/fr\/wp-json\/wp\/v2\/media?parent=8043"}],"curies":[{"name":"wp","href":"https:\/\/api.w.org\/{rel}","templated":true}]}}