{"id":684,"date":"2018-03-13T09:00:03","date_gmt":"2018-03-13T09:00:03","guid":{"rendered":"https:\/\/gehri.ch\/unsere-kunden\/"},"modified":"2018-06-22T16:22:51","modified_gmt":"2018-06-22T14:22:51","slug":"nos_clients","status":"publish","type":"page","link":"https:\/\/gehri.ch\/fr\/nos_clients\/","title":{"rendered":"Tout r&eacute;side dans l&rsquo;inspiration"},"content":{"rendered":"<p class=\"lead\">Nos clients sont le point central de nos activit\u00e9. G\u00e9r\u00e9e par ses propri\u00e9taires, notre entreprise pense et agit en r\u00e9seau sur le long terme. Nous sommes fiers d&rsquo;une collaboration fructueuse et de longue dur\u00e9e avec nos partenaires\u2009:<\/p>\n<p>&nbsp;<\/p>\n","protected":false},"excerpt":{"rendered":"<p>Nos clients sont le point central de nos activit\u00e9. G\u00e9r\u00e9e par ses propri\u00e9taires, notre entreprise pense et agit en r\u00e9seau sur le long terme. Nous sommes fiers d&rsquo;une collaboration fructueuse et de longue dur\u00e9e avec nos partenaires\u2009: &nbsp;<\/p>\n","protected":false},"author":1,"featured_media":0,"parent":0,"menu_order":0,"comment_status":"closed","ping_status":"closed","template":"","meta":[],"_links":{"self":[{"href":"https:\/\/gehri.ch\/fr\/wp-json\/wp\/v2\/pages\/684"}],"collection":[{"href":"https:\/\/gehri.ch\/fr\/wp-json\/wp\/v2\/pages"}],"about":[{"href":"https:\/\/gehri.ch\/fr\/wp-json\/wp\/v2\/types\/page"}],"author":[{"embeddable":true,"href":"https:\/\/gehri.ch\/fr\/wp-json\/wp\/v2\/users\/1"}],"replies":[{"embeddable":true,"href":"https:\/\/gehri.ch\/fr\/wp-json\/wp\/v2\/comments?post=684"}],"version-history":[{"count":5,"href":"https:\/\/gehri.ch\/fr\/wp-json\/wp\/v2\/pages\/684\/revisions"}],"predecessor-version":[{"id":4054,"href":"https:\/\/gehri.ch\/fr\/wp-json\/wp\/v2\/pages\/684\/revisions\/4054"}],"wp:attachment":[{"href":"https:\/\/gehri.ch\/fr\/wp-json\/wp\/v2\/media?parent=684"}],"curies":[{"name":"wp","href":"https:\/\/api.w.org\/{rel}","templated":true}]}}