{"id":681,"date":"2018-03-12T07:23:14","date_gmt":"2018-03-12T07:23:14","guid":{"rendered":"https:\/\/gehri.ch\/unser-team\/"},"modified":"2023-02-27T18:41:56","modified_gmt":"2023-02-27T17:41:56","slug":"team","status":"publish","type":"page","link":"https:\/\/gehri.ch\/fr\/team\/","title":{"rendered":"Comp&eacute;tences et engagement"},"content":{"rendered":"<p class=\"lead\">Gehri SA met en avant son \u00e9quipe interdisciplinaire compos\u00e9e de sp\u00e9cialistes de la conception comme de la r\u00e9alisation\u2009: designers, architectes d&rsquo;int\u00e9rieur, architectes, ing\u00e9nieurs, techniciens et menuisiers travaillent main dans la main. Nous nous d\u00e9marquons gr\u00e2ce \u00e0 notre grand savoir-faire, des moyens de communication courts et directs, des ann\u00e9es d&rsquo;exp\u00e9rience sur des projets complexes avec des proc\u00e9d\u00e9s de conception et de production modernes.<\/p>\n","protected":false},"excerpt":{"rendered":"<p>Gehri SA met en avant son \u00e9quipe interdisciplinaire compos\u00e9e de sp\u00e9cialistes de la conception comme de la r\u00e9alisation\u2009: designers, architectes d&rsquo;int\u00e9rieur, architectes, ing\u00e9nieurs, techniciens et menuisiers travaillent main dans la main. Nous nous d\u00e9marquons gr\u00e2ce \u00e0 notre grand savoir-faire, des moyens de communication courts et directs, des ann\u00e9es d&rsquo;exp\u00e9rience sur des projets complexes avec des &hellip;<\/p>\n","protected":false},"author":1,"featured_media":0,"parent":0,"menu_order":0,"comment_status":"closed","ping_status":"closed","template":"","meta":[],"_links":{"self":[{"href":"https:\/\/gehri.ch\/fr\/wp-json\/wp\/v2\/pages\/681"}],"collection":[{"href":"https:\/\/gehri.ch\/fr\/wp-json\/wp\/v2\/pages"}],"about":[{"href":"https:\/\/gehri.ch\/fr\/wp-json\/wp\/v2\/types\/page"}],"author":[{"embeddable":true,"href":"https:\/\/gehri.ch\/fr\/wp-json\/wp\/v2\/users\/1"}],"replies":[{"embeddable":true,"href":"https:\/\/gehri.ch\/fr\/wp-json\/wp\/v2\/comments?post=681"}],"version-history":[{"count":5,"href":"https:\/\/gehri.ch\/fr\/wp-json\/wp\/v2\/pages\/681\/revisions"}],"predecessor-version":[{"id":14517,"href":"https:\/\/gehri.ch\/fr\/wp-json\/wp\/v2\/pages\/681\/revisions\/14517"}],"wp:attachment":[{"href":"https:\/\/gehri.ch\/fr\/wp-json\/wp\/v2\/media?parent=681"}],"curies":[{"name":"wp","href":"https:\/\/api.w.org\/{rel}","templated":true}]}}