{"id":680,"date":"2018-03-15T11:07:19","date_gmt":"2018-03-15T11:07:19","guid":{"rendered":"https:\/\/gehri.ch\/ueber-uns\/"},"modified":"2026-01-07T09:59:25","modified_gmt":"2026-01-07T08:59:25","slug":"a_propos","status":"publish","type":"page","link":"https:\/\/gehri.ch\/fr\/a_propos\/","title":{"rendered":"Votre partenaire pour de s&eacute;duisantes solutions d&rsquo;espace"},"content":{"rendered":"<p class=\"lead\">Nous r\u00e9alisons vos projets d&rsquo;espaces publics ou priv\u00e9s en \u00e9troite collaboration avec nos clients et des architectes et architectes d&rsquo;int\u00e9rieur reconnus. Innovant, incomparable, sur mesure et durable.<\/p>\n<p>Nos comp\u00e9tences cl\u00e9s comprennent l&rsquo;ensemble des \u00e9tapes de projet, de la conception, en passant par la planification et le conseil, jusqu&rsquo;\u00e0 la r\u00e9alisation et au montage. Des ann\u00e9es d&rsquo;exp\u00e9rience et un \u00e9change des savoirs continu entre nos d\u00e9partements de conception, planification et r\u00e9alisation ont fait de nous des experts en projets exigeants. En tant que client et partenaire, vous profitez de solutions spatiales pertinentes et innovatives, d&rsquo;un bon rapport qualit\u00e9-service-prix et du respect des d\u00e9lais.<\/p>\n<p>Nous sommes \u00e9galement impliqu\u00e9s dans notre branche, c&rsquo;est pourquoi nous formons des apprentis, recrutons des stagiaires issus des \u00e9coles sup\u00e9rieures professionnelles et donnons une chance \u00e0 la rel\u00e8ve des chefs de projets et designers de grandir avec nous.<\/p>\n","protected":false},"excerpt":{"rendered":"<p>Nous r\u00e9alisons vos projets d&rsquo;espaces publics ou priv\u00e9s en \u00e9troite collaboration avec nos clients et des architectes et architectes d&rsquo;int\u00e9rieur reconnus. Innovant, incomparable, sur mesure et durable. Nos comp\u00e9tences cl\u00e9s comprennent l&rsquo;ensemble des \u00e9tapes de projet, de la conception, en passant par la planification et le conseil, jusqu&rsquo;\u00e0 la r\u00e9alisation et au montage. Des ann\u00e9es &hellip;<\/p>\n","protected":false},"author":1,"featured_media":11743,"parent":0,"menu_order":0,"comment_status":"closed","ping_status":"closed","template":"","meta":[],"_links":{"self":[{"href":"https:\/\/gehri.ch\/fr\/wp-json\/wp\/v2\/pages\/680"}],"collection":[{"href":"https:\/\/gehri.ch\/fr\/wp-json\/wp\/v2\/pages"}],"about":[{"href":"https:\/\/gehri.ch\/fr\/wp-json\/wp\/v2\/types\/page"}],"author":[{"embeddable":true,"href":"https:\/\/gehri.ch\/fr\/wp-json\/wp\/v2\/users\/1"}],"replies":[{"embeddable":true,"href":"https:\/\/gehri.ch\/fr\/wp-json\/wp\/v2\/comments?post=680"}],"version-history":[{"count":5,"href":"https:\/\/gehri.ch\/fr\/wp-json\/wp\/v2\/pages\/680\/revisions"}],"predecessor-version":[{"id":20416,"href":"https:\/\/gehri.ch\/fr\/wp-json\/wp\/v2\/pages\/680\/revisions\/20416"}],"wp:featuredmedia":[{"embeddable":true,"href":"https:\/\/gehri.ch\/fr\/wp-json\/wp\/v2\/media\/11743"}],"wp:attachment":[{"href":"https:\/\/gehri.ch\/fr\/wp-json\/wp\/v2\/media?parent=680"}],"curies":[{"name":"wp","href":"https:\/\/api.w.org\/{rel}","templated":true}]}}