{"id":672,"date":"2018-03-09T15:46:03","date_gmt":"2018-03-09T15:46:03","guid":{"rendered":"https:\/\/gehri.ch\/arbeiten-bei-uns\/"},"modified":"2023-06-22T06:15:28","modified_gmt":"2023-06-22T04:15:28","slug":"travailler_chez_nous_offres_emploi","status":"publish","type":"page","link":"https:\/\/gehri.ch\/fr\/travailler_chez_nous_offres_emploi\/","title":{"rendered":"Jobs"},"content":{"rendered":"<p class=\"lead\">Chez nous, vous trouverez plus d&rsquo;un job &#8230; Gehri r\u00e9alise des projets passionnants et exigeants dans les secteurs publics et priv\u00e9s. Nos comp\u00e9tences cl\u00e9s comprennent l&rsquo;ensemble des \u00e9tapes de projet, de la conception, en passant par la planification et le conseil, jusqu&rsquo;\u00e0 la r\u00e9alisation et au montage.<\/p>\n","protected":false},"excerpt":{"rendered":"<p>Chez nous, vous trouverez plus d&rsquo;un job &#8230; Gehri r\u00e9alise des projets passionnants et exigeants dans les secteurs publics et priv\u00e9s. Nos comp\u00e9tences cl\u00e9s comprennent l&rsquo;ensemble des \u00e9tapes de projet, de la conception, en passant par la planification et le conseil, jusqu&rsquo;\u00e0 la r\u00e9alisation et au montage.<\/p>\n","protected":false},"author":1,"featured_media":0,"parent":0,"menu_order":0,"comment_status":"closed","ping_status":"closed","template":"","meta":[],"_links":{"self":[{"href":"https:\/\/gehri.ch\/fr\/wp-json\/wp\/v2\/pages\/672"}],"collection":[{"href":"https:\/\/gehri.ch\/fr\/wp-json\/wp\/v2\/pages"}],"about":[{"href":"https:\/\/gehri.ch\/fr\/wp-json\/wp\/v2\/types\/page"}],"author":[{"embeddable":true,"href":"https:\/\/gehri.ch\/fr\/wp-json\/wp\/v2\/users\/1"}],"replies":[{"embeddable":true,"href":"https:\/\/gehri.ch\/fr\/wp-json\/wp\/v2\/comments?post=672"}],"version-history":[{"count":6,"href":"https:\/\/gehri.ch\/fr\/wp-json\/wp\/v2\/pages\/672\/revisions"}],"predecessor-version":[{"id":14941,"href":"https:\/\/gehri.ch\/fr\/wp-json\/wp\/v2\/pages\/672\/revisions\/14941"}],"wp:attachment":[{"href":"https:\/\/gehri.ch\/fr\/wp-json\/wp\/v2\/media?parent=672"}],"curies":[{"name":"wp","href":"https:\/\/api.w.org\/{rel}","templated":true}]}}