{"id":670,"date":"2018-03-15T15:20:00","date_gmt":"2018-03-15T15:20:00","guid":{"rendered":"https:\/\/gehri.ch\/fachplanung\/"},"modified":"2025-07-25T11:07:56","modified_gmt":"2025-07-25T09:07:56","slug":"planification_technique","status":"publish","type":"page","link":"https:\/\/gehri.ch\/fr\/planification_technique\/","title":{"rendered":"De s&eacute;duisantes solutions d&rsquo;espaces et de mobiliers pour architectes, architectes d&rsquo;int&eacute;rieur, planificateurs et clients finaux"},"content":{"rendered":"<p class=\"lead\">Notre \u00e9quipe exp\u00e9riment\u00e9e de la planification technique d\u00e9veloppe pour vous des solutions d&rsquo;am\u00e9nagements int\u00e9rieurs et de mobiliers jusque dans les moindres d\u00e9tails\u2009: Nous sommes structur\u00e9s, efficients, pr\u00e9cis et reconnus pour notre qualit\u00e9 et notre engagement en terme de d\u00e9lais. Ceci afin que votre id\u00e9e prenne vie.<\/p>\n<h3>D\u00e9veloppement &amp; organisation de projet<\/h3>\n<p>Notre \u00e9quipe de planificateurs techniques exp\u00e9riment\u00e9e brille par son exp\u00e9rience, son efficience et sa pr\u00e9cision. Ma\u00eetres menuisiers, ing\u00e9nieurs et techniciens travaillent main dans la main et d\u00e9veloppent de remarquables solutions d&rsquo;espaces et mobilier qui remplissent les plus hautes exigences en terme de qualit\u00e9.<\/p>\n<p>Votre chef de projet vous accompagne durant toute la dur\u00e9e du projet. Il est en charge de l&rsquo;organisation et de la coordination de votre projet, veille au respect des co\u00fbts et du planning, et communique directement avec le charg\u00e9 des travaux, les architectes ou les clients finaux.<\/p>\n<p>Pour les projets plus grands et plus complexes, vous vous trouvez \u00e9galement \u00e0 la bonne adresse\u2009: des dizaines d&rsquo;ann\u00e9es d&rsquo;exp\u00e9rience, une \u00e9quipe performante et un large r\u00e9seau sont les ingr\u00e9dients dont votre projet a besoin pour une r\u00e9alisation qualitative et couronn\u00e9e de succ\u00e8s. Le r\u00e9sultat\u2009: des am\u00e9nagements int\u00e9rieurs et des solutions de mobiliers qui font plaisir.<\/p>\n<h3><span style=\"color: #000000\">Dessin technique &amp; construction<\/span><\/h3>\n<p><span style=\"color: #000000\">C&rsquo;est dans notre d\u00e9partement Dessin technique &amp; Construction que vos id\u00e9es prennent forme. Nos sp\u00e9cialistes \u00e9tablissent des plans de construction d\u00e9taill\u00e9s et les documents n\u00e9cessaires \u00e0 la production qui serviront lors de la r\u00e9alisation. Ils consid\u00e8rent tous les aspects relevants du projet et font particuli\u00e8rement attention \u00e0 la rentabilit\u00e9, sans oublier les notions de fonctionnalit\u00e9, d&rsquo;ergonomie et d&rsquo;esth\u00e9tique. Des outils modernes les soutiennent dans cette t\u00e2che. <\/span><\/p>\n","protected":false},"excerpt":{"rendered":"<p>Notre \u00e9quipe exp\u00e9riment\u00e9e de la planification technique d\u00e9veloppe pour vous des solutions d&rsquo;am\u00e9nagements int\u00e9rieurs et de mobiliers jusque dans les moindres d\u00e9tails\u2009: Nous sommes structur\u00e9s, efficients, pr\u00e9cis et reconnus pour notre qualit\u00e9 et notre engagement en terme de d\u00e9lais. Ceci afin que votre id\u00e9e prenne vie. D\u00e9veloppement &amp; organisation de projet Notre \u00e9quipe de planificateurs &hellip;<\/p>\n","protected":false},"author":1,"featured_media":1838,"parent":0,"menu_order":0,"comment_status":"closed","ping_status":"closed","template":"","meta":[],"_links":{"self":[{"href":"https:\/\/gehri.ch\/fr\/wp-json\/wp\/v2\/pages\/670"}],"collection":[{"href":"https:\/\/gehri.ch\/fr\/wp-json\/wp\/v2\/pages"}],"about":[{"href":"https:\/\/gehri.ch\/fr\/wp-json\/wp\/v2\/types\/page"}],"author":[{"embeddable":true,"href":"https:\/\/gehri.ch\/fr\/wp-json\/wp\/v2\/users\/1"}],"replies":[{"embeddable":true,"href":"https:\/\/gehri.ch\/fr\/wp-json\/wp\/v2\/comments?post=670"}],"version-history":[{"count":6,"href":"https:\/\/gehri.ch\/fr\/wp-json\/wp\/v2\/pages\/670\/revisions"}],"predecessor-version":[{"id":18959,"href":"https:\/\/gehri.ch\/fr\/wp-json\/wp\/v2\/pages\/670\/revisions\/18959"}],"wp:featuredmedia":[{"embeddable":true,"href":"https:\/\/gehri.ch\/fr\/wp-json\/wp\/v2\/media\/1838"}],"wp:attachment":[{"href":"https:\/\/gehri.ch\/fr\/wp-json\/wp\/v2\/media?parent=670"}],"curies":[{"name":"wp","href":"https:\/\/api.w.org\/{rel}","templated":true}]}}