{"id":668,"date":"2018-03-15T15:20:12","date_gmt":"2018-03-15T15:20:12","guid":{"rendered":"https:\/\/gehri.ch\/fertigung\/"},"modified":"2025-02-19T13:47:51","modified_gmt":"2025-02-19T12:47:51","slug":"fabrication","status":"publish","type":"page","link":"https:\/\/gehri.ch\/fr\/fabrication\/","title":{"rendered":"O&ugrave; tradition et modernit&eacute; se rencontrent&thinsp;: am&eacute;nagements int&eacute;rieurs et mobiliers de Gehri"},"content":{"rendered":"<p class=\"lead\">Lorsque l&rsquo;artisanat d&rsquo;art se conjugue avec une r\u00e9alisation moderne et des mat\u00e9riaux nobles, c&rsquo;est l&rsquo;occasion de mettre en avant notre menuiserie, notre pr\u00e9cision, notre respect des d\u00e9lais et notre durabilit\u00e9, le tout avec de hautes exigences de qualit\u00e9.<\/p>\n<h3>Production<\/h3>\n<p>Nous r\u00e9unissons dans notre menuiserie une \u00e9quipe qualifi\u00e9e, de l&rsquo;innovation et l&rsquo;artisanat d&rsquo;art. Ces mains habiles et ces t\u00eates expertes \u00e9laborent des objets uniques \u2014 du prototype \u00e0 l&rsquo;objet final. On scie, fraise, ponce et affine afin de donner forme \u00e0 vos id\u00e9es. La qualit\u00e9, le respect des d\u00e9lais et la pr\u00e9cision sont mis au premier plan, suivis par un \u00e9quipement et des moyens de production modernes. Notre particularit\u00e9\u2009: nous sommes progressifs, performants et efficients \u2014 \u00e9galement lorsque la r\u00e9alisation est complexe.<\/p>\n<h3>Diversit\u00e9 des mat\u00e9riaux<\/h3>\n<p>Nous travaillons avec des mat\u00e9riaux de haute qualit\u00e9, les combinons habilement et cr\u00e9ons ainsi des solutions de mobilier et d&rsquo;espaces uniques. Notre personnel dispose de grandes comp\u00e9tences et d&rsquo;une solide exp\u00e9rience dans le travail et la combinaison ad\u00e9quate de mat\u00e9riaux diff\u00e9rents. Vous pouvez ainsi simplement vous laisser porter par votre go\u00fbt et votre enthousiasme pour un design beau et fonctionnel.<\/p>\n<h3>Montage &amp; logistique<\/h3>\n<p>En collaborant \u00e9troitement avec les clients finaux, architectes ou chefs de chantier, notre \u00e9quipe de montage exp\u00e9riment\u00e9se ou un partenaire de montage sp\u00e9cialis\u00e9 est responsable d&rsquo;une livraison dans les d\u00e9lais impartis et du montage impeccable de vos agencements d&rsquo;espaces et mobiliers. Laissez-vous surprendre et impressionner par l&rsquo;\u00e9tendue de nos services\u2009!<\/p>\n","protected":false},"excerpt":{"rendered":"<p>Lorsque l&rsquo;artisanat d&rsquo;art se conjugue avec une r\u00e9alisation moderne et des mat\u00e9riaux nobles, c&rsquo;est l&rsquo;occasion de mettre en avant notre menuiserie, notre pr\u00e9cision, notre respect des d\u00e9lais et notre durabilit\u00e9, le tout avec de hautes exigences de qualit\u00e9. Production Nous r\u00e9unissons dans notre menuiserie une \u00e9quipe qualifi\u00e9e, de l&rsquo;innovation et l&rsquo;artisanat d&rsquo;art. Ces mains habiles &hellip;<\/p>\n","protected":false},"author":1,"featured_media":4651,"parent":0,"menu_order":0,"comment_status":"closed","ping_status":"closed","template":"","meta":[],"_links":{"self":[{"href":"https:\/\/gehri.ch\/fr\/wp-json\/wp\/v2\/pages\/668"}],"collection":[{"href":"https:\/\/gehri.ch\/fr\/wp-json\/wp\/v2\/pages"}],"about":[{"href":"https:\/\/gehri.ch\/fr\/wp-json\/wp\/v2\/types\/page"}],"author":[{"embeddable":true,"href":"https:\/\/gehri.ch\/fr\/wp-json\/wp\/v2\/users\/1"}],"replies":[{"embeddable":true,"href":"https:\/\/gehri.ch\/fr\/wp-json\/wp\/v2\/comments?post=668"}],"version-history":[{"count":6,"href":"https:\/\/gehri.ch\/fr\/wp-json\/wp\/v2\/pages\/668\/revisions"}],"predecessor-version":[{"id":17924,"href":"https:\/\/gehri.ch\/fr\/wp-json\/wp\/v2\/pages\/668\/revisions\/17924"}],"wp:featuredmedia":[{"embeddable":true,"href":"https:\/\/gehri.ch\/fr\/wp-json\/wp\/v2\/media\/4651"}],"wp:attachment":[{"href":"https:\/\/gehri.ch\/fr\/wp-json\/wp\/v2\/media?parent=668"}],"curies":[{"name":"wp","href":"https:\/\/api.w.org\/{rel}","templated":true}]}}