{"id":657,"date":"2018-03-13T10:20:29","date_gmt":"2018-03-13T10:20:29","guid":{"rendered":"https:\/\/gehri.ch\/?page_id=657"},"modified":"2026-03-05T07:25:39","modified_gmt":"2026-03-05T06:25:39","slug":"mit-uns-veraendern-sie-raum","status":"publish","type":"page","link":"https:\/\/gehri.ch\/fr\/","title":{"rendered":"Transformons vos espaces ensemble !"},"content":{"rendered":"<p class=\"lead\">Nous concevons des espaces fonctionnels, inspirants \u2013 et pens\u00e9s pour les personnes qui les vivent. Gr\u00e2ce \u00e0 une architecture d\u2019int\u00e9rieur r\u00e9fl\u00e9chie et \u00e0 une menuiserie pr\u00e9cise, nous cr\u00e9ons des solutions sur mesure, efficaces et harmonieuses.<br data-start=\"511\" data-end=\"514\" \/>Nos prestations peuvent \u00eatre combin\u00e9es ou sollicit\u00e9es s\u00e9par\u00e9ment \u2013 selon les besoins de votre projet.<\/p>\n<h2 data-start=\"622\" data-end=\"670\"><strong data-start=\"628\" data-end=\"668\">Architecture d\u2019int\u00e9rieur &#8211; <\/strong><strong data-start=\"675\" data-end=\"709\">Des espaces avec du caract\u00e8re.<\/strong><\/h2>\n<p data-start=\"712\" data-end=\"929\">Nous vous accompagnons du premier concept jusqu\u2019\u00e0 la r\u00e9alisation \u2013 avec un regard attentif sur l\u2019esth\u00e9tique, la fonctionnalit\u00e9 et la faisabilit\u00e9.<br data-start=\"857\" data-end=\"860\" \/>Nos architectes d\u2019int\u00e9rieur d\u00e9veloppent des solutions adapt\u00e9es pour\u202f:<\/p>\n<ul data-start=\"930\" data-end=\"1101\">\n<li data-start=\"930\" data-end=\"963\">\n<p data-start=\"932\" data-end=\"963\">Espaces de travail et bureaux<\/p>\n<\/li>\n<li data-start=\"964\" data-end=\"1011\">\n<p data-start=\"966\" data-end=\"1011\">Banques, zones d\u2019accueil et espaces clients<\/p>\n<\/li>\n<li data-start=\"1012\" data-end=\"1052\">\n<p data-start=\"1014\" data-end=\"1052\">\u00c9tablissements scolaires et de sant\u00e9<\/p>\n<\/li>\n<li data-start=\"1053\" data-end=\"1101\">\n<p data-start=\"1055\" data-end=\"1101\">Espaces de vie priv\u00e9s avec exigences \u00e9lev\u00e9es<\/p>\n<\/li>\n<\/ul>\n<p data-start=\"1103\" data-end=\"1242\">Construction neuve, transformation ou r\u00e9affectation \u2013 nous anticipons, planifions avec rigueur et misons sur la qualit\u00e9 dans chaque d\u00e9tail.<\/p>\n<p>Notre objectif: transformer des visions spatiales et d\u2019ameublement dans la r\u00e9alit\u00e9 \u2014 de mani\u00e8re convaincante, innovante, fonctionnelle et enthousiasmante. L&rsquo;entreprise familiale, dirig\u00e9e par la deuxi\u00e8me g\u00e9n\u00e9ration, f\u00eate cette ann\u00e9e ses 58 ans d&rsquo;existence.<\/p>\n<p>Pour plus d\u2019anecdotes, d\u2019histoires de projets et de tours dans les coulisses, suivez-nous sur <a href=\"https:\/\/www.instagram.com\/gehri_inspirational_spaces\/\">Instagram<\/a> ou\u00a0<a href=\"https:\/\/www.linkedin.com\/company\/gehri\/\">Linkedin\u00a0<\/a>\u2014 nous adorerions avoir de vos nouvelles.<\/p>\n<h2 data-start=\"1249\" data-end=\"1283\"><strong data-start=\"1255\" data-end=\"1281\">Menuiserie &#8211; <\/strong><strong data-start=\"1288\" data-end=\"1326\">Mobilier &amp; am\u00e9nagement sur mesure.<\/strong><\/h2>\n<p data-start=\"1329\" data-end=\"1525\">Notre atelier de menuiserie incarne le savoir-faire, la pr\u00e9cision et la flexibilit\u00e9.<br data-start=\"1413\" data-end=\"1416\" \/>Vous pouvez faire appel \u00e0 nous pour une pi\u00e8ce unique, une s\u00e9rie ou un am\u00e9nagement complet.<br data-start=\"1506\" data-end=\"1509\" \/>Nous r\u00e9alisons\u202f:<\/p>\n<ul data-start=\"1526\" data-end=\"1751\">\n<li data-start=\"1526\" data-end=\"1570\">\n<p data-start=\"1528\" data-end=\"1570\">Comptoirs d\u2019accueil et banques d\u2019accueil<\/p>\n<\/li>\n<li data-start=\"1571\" data-end=\"1635\">\n<p data-start=\"1573\" data-end=\"1635\">Mobilier pour salles de r\u00e9union, caf\u00e9t\u00e9rias, zones d\u2019attente<\/p>\n<\/li>\n<li data-start=\"1636\" data-end=\"1674\">\n<p data-start=\"1638\" data-end=\"1674\">Cuisines, biblioth\u00e8ques, penderies<\/p>\n<\/li>\n<li data-start=\"1675\" data-end=\"1751\">\n<p data-start=\"1677\" data-end=\"1751\">Solutions sp\u00e9ciales pour bureaux d\u2019architecture et planificateurs g\u00e9n\u00e9raux<\/p>\n<\/li>\n<\/ul>\n","protected":false},"excerpt":{"rendered":"<p>Nous concevons des espaces fonctionnels, inspirants \u2013 et pens\u00e9s pour les personnes qui les vivent. Gr\u00e2ce \u00e0 une architecture d\u2019int\u00e9rieur r\u00e9fl\u00e9chie et \u00e0 une menuiserie pr\u00e9cise, nous cr\u00e9ons des solutions sur mesure, efficaces et harmonieuses.Nos prestations peuvent \u00eatre combin\u00e9es ou sollicit\u00e9es s\u00e9par\u00e9ment \u2013 selon les besoins de votre projet. Architecture d\u2019int\u00e9rieur &#8211; Des espaces avec &hellip;<\/p>\n","protected":false},"author":1,"featured_media":20821,"parent":0,"menu_order":0,"comment_status":"closed","ping_status":"closed","template":"","meta":[],"_links":{"self":[{"href":"https:\/\/gehri.ch\/fr\/wp-json\/wp\/v2\/pages\/657"}],"collection":[{"href":"https:\/\/gehri.ch\/fr\/wp-json\/wp\/v2\/pages"}],"about":[{"href":"https:\/\/gehri.ch\/fr\/wp-json\/wp\/v2\/types\/page"}],"author":[{"embeddable":true,"href":"https:\/\/gehri.ch\/fr\/wp-json\/wp\/v2\/users\/1"}],"replies":[{"embeddable":true,"href":"https:\/\/gehri.ch\/fr\/wp-json\/wp\/v2\/comments?post=657"}],"version-history":[{"count":7,"href":"https:\/\/gehri.ch\/fr\/wp-json\/wp\/v2\/pages\/657\/revisions"}],"predecessor-version":[{"id":20824,"href":"https:\/\/gehri.ch\/fr\/wp-json\/wp\/v2\/pages\/657\/revisions\/20824"}],"wp:featuredmedia":[{"embeddable":true,"href":"https:\/\/gehri.ch\/fr\/wp-json\/wp\/v2\/media\/20821"}],"wp:attachment":[{"href":"https:\/\/gehri.ch\/fr\/wp-json\/wp\/v2\/media?parent=657"}],"curies":[{"name":"wp","href":"https:\/\/api.w.org\/{rel}","templated":true}]}}