{"id":656,"date":"2018-03-23T08:50:42","date_gmt":"2018-03-23T08:50:42","guid":{"rendered":"https:\/\/gehri.ch\/?page_id=656"},"modified":"2021-08-03T14:36:32","modified_gmt":"2021-08-03T12:36:32","slug":"materiaux","status":"publish","type":"page","link":"https:\/\/gehri.ch\/fr\/materiaux\/","title":{"rendered":"S&rsquo;&eacute;merveiller devant la diversit&eacute; des mat&eacute;riaux"},"content":{"rendered":"<p class=\"lead\">Chaque mat\u00e9riau se d\u00e9marque par ses propres qualit\u00e9s, que ce soit au niveau de l&rsquo;apparence, du traitement ou du toucher. Lorsque nous r\u00e9alisons votre projet, nous choisissons les mat\u00e9riaux id\u00e9aux pour vous, les combinons habilement afin d&rsquo;obtenir des solutions spatiales uniques et \u00e9patantes.<\/p>\n<p>Chez nous se conjuguent les techniques modernes de travail avec l&rsquo;artisanat d&rsquo;art classique\u00a0: Nos experts avertis se d\u00e9marquent gr\u00e2ce \u00e0 leur savoir-faire, leur plaisir \u00e0 l&rsquo;exp\u00e9rimentation et la fid\u00e9lit\u00e9 du d\u00e9tail. Leur flair et leur tact conduit \u00e0 des r\u00e9sultats incomparables qui invitent \u00e0 l&rsquo;\u00e9merveillement.<\/p>\n<p>Le traitement juste et habile ainsi que la combinaison de mat\u00e9riaux diff\u00e9rents fait appel \u00e0 de solides comp\u00e9tences que nous nous effor\u00e7ons de transmettre \u00e0 nos apprentis. Aussi, lorsqu&rsquo;il s&rsquo;agit de trouver la solution parfaite pour votre projet, nous disposons d&rsquo;une grande collection de mat\u00e9riaux et connaissances.<\/p>\n<p>Notre signe distinctif\u2009: un choix de premier plan, une combination et un travail de mat\u00e9riaux de grande qualit\u00e9 \u2014 l&rsquo;essentiel pour un design incomparable et de la meilleure qualit\u00e9 suisse.<\/p>\n","protected":false},"excerpt":{"rendered":"<p>Chaque mat\u00e9riau se d\u00e9marque par ses propres qualit\u00e9s, que ce soit au niveau de l&rsquo;apparence, du traitement ou du toucher. Lorsque nous r\u00e9alisons votre projet, nous choisissons les mat\u00e9riaux id\u00e9aux pour vous, les combinons habilement afin d&rsquo;obtenir des solutions spatiales uniques et \u00e9patantes. Chez nous se conjuguent les techniques modernes de travail avec l&rsquo;artisanat d&rsquo;art &hellip;<\/p>\n","protected":false},"author":2,"featured_media":0,"parent":0,"menu_order":0,"comment_status":"closed","ping_status":"closed","template":"","meta":[],"_links":{"self":[{"href":"https:\/\/gehri.ch\/fr\/wp-json\/wp\/v2\/pages\/656"}],"collection":[{"href":"https:\/\/gehri.ch\/fr\/wp-json\/wp\/v2\/pages"}],"about":[{"href":"https:\/\/gehri.ch\/fr\/wp-json\/wp\/v2\/types\/page"}],"author":[{"embeddable":true,"href":"https:\/\/gehri.ch\/fr\/wp-json\/wp\/v2\/users\/2"}],"replies":[{"embeddable":true,"href":"https:\/\/gehri.ch\/fr\/wp-json\/wp\/v2\/comments?post=656"}],"version-history":[{"count":5,"href":"https:\/\/gehri.ch\/fr\/wp-json\/wp\/v2\/pages\/656\/revisions"}],"predecessor-version":[{"id":11506,"href":"https:\/\/gehri.ch\/fr\/wp-json\/wp\/v2\/pages\/656\/revisions\/11506"}],"wp:attachment":[{"href":"https:\/\/gehri.ch\/fr\/wp-json\/wp\/v2\/media?parent=656"}],"curies":[{"name":"wp","href":"https:\/\/api.w.org\/{rel}","templated":true}]}}