{"id":655,"date":"2018-03-15T15:19:46","date_gmt":"2018-03-15T15:19:46","guid":{"rendered":"https:\/\/gehri.ch\/?page_id=655"},"modified":"2026-03-12T09:17:14","modified_gmt":"2026-03-12T08:17:14","slug":"design","status":"publish","type":"page","link":"https:\/\/gehri.ch\/fr\/design\/","title":{"rendered":"Nous r&eacute;alisons des espaces incomparables&thinsp;: pour vous, vos clients et vos collaborateurs"},"content":{"rendered":"<p class=\"lead\">Nous concevons des espaces et des univers qui racontent des histoires, expriment une identit\u00e9 et forment un ensemble coh\u00e9rent. Fonction, atmosph\u00e8re et design s\u2019y imbriquent naturellement. Avec exp\u00e9rience, rigueur et passion, nous d\u00e9veloppons une architecture int\u00e9rieure porteuse de sens, offrant une orientation claire et procurant un r\u00e9el sentiment de bien-\u00eatre.<\/p>\n<p>Au travers de nos solutions d&rsquo;espaces et de mobilier, nous r\u00e9alisons des exp\u00e9riences durables, autant dans le domaine commercial que dans le secteur priv\u00e9. L&rsquo;objectif de notre travail dans les champs de l&rsquo;architecture d&rsquo;int\u00e9rieur, du design et du merchandising visuel est d&rsquo;atteindre cette valeur ajout\u00e9e \u2014 pour vous, vos collaborateurs et vos clients.<\/p>\n<p>Notre \u00e9quipe plurilingue du d\u00e9partement design et conception prend en compte vos demandes et vos besoins, \u00e9tudie le d\u00e9roulement et vous montre ensuite les nouvelles possibilit\u00e9s et solutions pour votre strat\u00e9gie spatiale \u2014 le tout en \u00e9troite collaboration avec vous ou votre architecte.<\/p>\n<p>&nbsp;<\/p>\n<p>Notre \u00e9quipe interdisciplinaire travaille dans les domaines suivants\u2009:<\/p>\n<h4>Conseil<\/h4>\n<ul>\n<li>Conseil particulier sur place<\/li>\n<li>Nous vous expliquons comment une solution peut \u00eatre r\u00e9solue par un am\u00e9nagement spatial adapt\u00e9.<\/li>\n<\/ul>\n<h4>Architecture d&rsquo;int\u00e9rieur<\/h4>\n<ul>\n<li>Analyse du lieu et \u00e9tude de faisabilit\u00e9<\/li>\n<li>Planification du concept<\/li>\n<li>Layout pour les zones client\u00e8le dans diff\u00e9rents domaines et espaces de bureaux<\/li>\n<li>Recherche de mat\u00e9rialisation Look &amp; Feel<\/li>\n<li>D\u00e9veloppement du Corporate Interior Design et de l&rsquo;univers de marque<\/li>\n<li>Plans d&rsquo;\u00e9tudes, de d\u00e9tail et de r\u00e9alisation<\/li>\n<li>Etablissement des soumissions et budg\u00e9tisation<\/li>\n<\/ul>\n<h4>Design de produit<\/h4>\n<ul>\n<li>Mobilier<\/li>\n<li>Lampes<\/li>\n<li>Produits<\/li>\n<li>D\u00e9veloppement de prototypes<\/li>\n<li>Maquettes 3D \/ ergonomie et design<\/li>\n<\/ul>\n<h4>Branding<\/h4>\n<ul>\n<li>Univers de marque<\/li>\n<li>Corporate Interior Design et d\u00e9veloppement de la communication dans l&rsquo;espace<\/li>\n<li>Storytelling spatial<\/li>\n<li>Signal\u00e9tique<\/li>\n<\/ul>\n<h4>Concept d&rsquo;\u00e9clairage<\/h4>\n<ul>\n<li>Solution individuelle, d\u00e9finie selon le lieu<\/li>\n<li>Design de lampe individuel<\/li>\n<\/ul>\n","protected":false},"excerpt":{"rendered":"<p>Nous concevons des espaces et des univers qui racontent des histoires, expriment une identit\u00e9 et forment un ensemble coh\u00e9rent. Fonction, atmosph\u00e8re et design s\u2019y imbriquent naturellement. Avec exp\u00e9rience, rigueur et passion, nous d\u00e9veloppons une architecture int\u00e9rieure porteuse de sens, offrant une orientation claire et procurant un r\u00e9el sentiment de bien-\u00eatre. Au travers de nos solutions &hellip;<\/p>\n","protected":false},"author":1,"featured_media":13591,"parent":0,"menu_order":0,"comment_status":"closed","ping_status":"closed","template":"","meta":[],"_links":{"self":[{"href":"https:\/\/gehri.ch\/fr\/wp-json\/wp\/v2\/pages\/655"}],"collection":[{"href":"https:\/\/gehri.ch\/fr\/wp-json\/wp\/v2\/pages"}],"about":[{"href":"https:\/\/gehri.ch\/fr\/wp-json\/wp\/v2\/types\/page"}],"author":[{"embeddable":true,"href":"https:\/\/gehri.ch\/fr\/wp-json\/wp\/v2\/users\/1"}],"replies":[{"embeddable":true,"href":"https:\/\/gehri.ch\/fr\/wp-json\/wp\/v2\/comments?post=655"}],"version-history":[{"count":8,"href":"https:\/\/gehri.ch\/fr\/wp-json\/wp\/v2\/pages\/655\/revisions"}],"predecessor-version":[{"id":20861,"href":"https:\/\/gehri.ch\/fr\/wp-json\/wp\/v2\/pages\/655\/revisions\/20861"}],"wp:featuredmedia":[{"embeddable":true,"href":"https:\/\/gehri.ch\/fr\/wp-json\/wp\/v2\/media\/13591"}],"wp:attachment":[{"href":"https:\/\/gehri.ch\/fr\/wp-json\/wp\/v2\/media?parent=655"}],"curies":[{"name":"wp","href":"https:\/\/api.w.org\/{rel}","templated":true}]}}