{"id":1431,"date":"2018-04-27T14:35:31","date_gmt":"2018-04-27T12:35:31","guid":{"rendered":"https:\/\/gehri.ch\/?page_id=1431"},"modified":"2018-06-20T14:13:24","modified_gmt":"2018-06-20T12:13:24","slug":"protection-des-donnees","status":"publish","type":"page","link":"https:\/\/gehri.ch\/fr\/protection-des-donnees\/","title":{"rendered":"Protection des donn&eacute;es"},"content":{"rendered":"<h3>Clause de non-responsabilit\u00e9<\/h3>\n<p>L&rsquo;auteur ne peut en aucun cas \u00eatre tenu pour responsable en ce qui concerne la justesse du contenu, l&rsquo;exactitude, l&rsquo;actualit\u00e9, la fiabilit\u00e9 et l&rsquo;int\u00e9grit\u00e9 des informations. Les revendications \u00e0 l&rsquo;encontre de l&rsquo;auteur pour cause de dommages mat\u00e9riels ou immat\u00e9riels provenant de l&rsquo;acc\u00e8s ou l&rsquo;utilisation, respectivement non-utilisation des informations publi\u00e9es, abus ou d\u00e9rangement technique sont exclues. Toutes les offres sont sans engagement. L&rsquo;auteur se r\u00e9serve formellement le droit de modifier, compl\u00e9ter ou supprimer l&rsquo;annonce sans pr\u00e9avis, soit en partie soit dans sa totalit\u00e9, ainsi que de suspendre momentan\u00e9ment ou d\u00e9finitivement la publication.<\/p>\n<h3>Responsabilit\u00e9 des liens<\/h3>\n<p>Les r\u00e9f\u00e9rences et liens de sites web tiers se situent au-dehors de notre domaine de responsabilit\u00e9. Nous refusons toute responsabilit\u00e9 concernant ces sites web. Les utilisateurs et les utilisatrices reconnaissent que l&rsquo;acc\u00e8s et l&rsquo;utilisation de ces sites web se fait \u00e0 leurs risques et p\u00e9rils.<\/p>\n<h3>Droits d&rsquo;auteur<\/h3>\n<p>Les auteurs et tous les autres droits sur les contenus, images, photos et autres donn\u00e9es sur le site web appartiennent exclusivement \u00e0 l&rsquo;entreprise Gehri SA ou aux auteurs sp\u00e9cifiquement cit\u00e9s. Toute reproduction de l&rsquo;un de ces \u00e9l\u00e9ments requiert pr\u00e9alablement l&rsquo;accord \u00e9crit de l&rsquo;auteur.<\/p>\n<h3>Donn\u00e9es personnelles<\/h3>\n<p>Selon l&rsquo;article 13 de la Constitution f\u00e9d\u00e9rale suisse et du r\u00e9gl\u00e8ment f\u00e9d\u00e9ral sur les droits sur la protection des donn\u00e9es (Loi f\u00e9d\u00e9rale sur la protection des donn\u00e9es, LPD), chaque personne a droit \u00e0 la protection de sa sph\u00e8re priv\u00e9e ainsi qu&rsquo;\u00e0 la protection contre une mauvaise utilisation de ses donn\u00e9es personnelles. Nous respectons ces r\u00e8glements. Les donn\u00e9es personnelles sont trait\u00e9es de mani\u00e8re stricte et confidentielle et ne seront ni vendues ni transmises \u00e0 un tiers. En partenariat avec notre fournisseur d&rsquo;h\u00e9bergement, nous nous effor\u00e7ons de prot\u00e9ger notre base de donn\u00e9es aussi bien que possible contre des acc\u00e8s externes, des pertes, une mauvaise utilisation ou la falsification. En acc\u00e9dant \u00e0 notre site web, les donn\u00e9es suivantes seront sauvegard\u00e9es dans le fichier journal\u00a0: adresse IP, date, heure, navigateur web et autres informations g\u00e9n\u00e9rales concernant le syst\u00e8me d&rsquo;exploitation et le navigateur web. Ces donn\u00e9es d&rsquo;utilisation servent de base pour des \u00e9valuations statistiques anonymes afin de reconna\u00eetre des tendances et ainsi pouvoir am\u00e9liorer nos offres.<\/p>\n<h3>D\u00e9claration de confidentialit\u00e9 pour l&rsquo;utilisation de Google Analytics<\/h3>\n<p>Ce site web utilise Google Analytics, un service d&rsquo;analyse web de Google Inc. (\u00ab\u00a0Google\u00a0\u00bb). Google Analytics utilise ce que l&rsquo;on nomme des \u00ab\u00a0cookies\u00a0\u00bb, des donn\u00e9es textes qui seront enregistr\u00e9es sur votre ordinateur et qui permettent, gr\u00e2ce \u00e0 vous, l&rsquo;analyse de l&rsquo;utilisation du site web. Les informations produites par les cookies li\u00e9es \u00e0 votre utilisation de ce site web seront g\u00e9n\u00e9ralement transmises et enregistr\u00e9es sur un serveur de Google aux Etats-Unis (USA). Dans le cas de l&rsquo;activation de l&rsquo;anonymisation IP sur ce site web, votre adresse IP sera alors pr\u00e9alablement abr\u00e9g\u00e9e dans l&rsquo;un des \u00e9tats de l&rsquo;Union europ\u00e9enne ou dans un autre \u00e9tat de l&rsquo;espace \u00e9conomique europ\u00e9en. Dans des cas exceptionnels, l&rsquo;adresse IP compl\u00e8te sera transmise \u00e0 un serveur de Google aux Etats-Unis et abr\u00e9g\u00e9e l\u00e0-bas. Google utilisera ces informations afin d&rsquo;exploiter votre utilisation du site web, pour constituer des rapports sur les activit\u00e9s du site web pour les exploitants du site web et pour apporter des services li\u00e9s \u00e0 l&rsquo;utilisation du site web et de l&rsquo;utilisation d&rsquo;internet. Eventuellement, Google transmettra ces informations \u00e0 un tiers, pour autant que ce soit l\u00e9galement prescrit ou dans la mesure o\u00f9 un tiers est charg\u00e9 par Google de traiter ces donn\u00e9es.<br \/>\nCe qui est transmis via votre adresse IP dans le cadre du Google Analytics de votre navigateur n&rsquo;est pas m\u00e9lang\u00e9 avec d&rsquo;autres donn\u00e9es de Google. Vous pouvez bloquer l&rsquo;installation des cookies \u00e0 travers un param\u00e8tre de votre navigateur web\u00a0; nous vous informons toutefois que dans ce cas, vous ne pouvez pas utiliser toutes les fonctionnalit\u00e9s de ce site web de mani\u00e8re compl\u00e8te. En utilisant ce site web, vous d\u00e9clarez \u00eatre en accord avec l&rsquo;utilisation par Google de vos donn\u00e9es, de la mani\u00e8re et dans le but expliqu\u00e9s pr\u00e9c\u00e9demment.<\/p>\n","protected":false},"excerpt":{"rendered":"<p>Clause de non-responsabilit\u00e9 L&rsquo;auteur ne peut en aucun cas \u00eatre tenu pour responsable en ce qui concerne la justesse du contenu, l&rsquo;exactitude, l&rsquo;actualit\u00e9, la fiabilit\u00e9 et l&rsquo;int\u00e9grit\u00e9 des informations. Les revendications \u00e0 l&rsquo;encontre de l&rsquo;auteur pour cause de dommages mat\u00e9riels ou immat\u00e9riels provenant de l&rsquo;acc\u00e8s ou l&rsquo;utilisation, respectivement non-utilisation des informations publi\u00e9es, abus ou d\u00e9rangement &hellip;<\/p>\n","protected":false},"author":2,"featured_media":0,"parent":0,"menu_order":0,"comment_status":"closed","ping_status":"closed","template":"","meta":[],"_links":{"self":[{"href":"https:\/\/gehri.ch\/fr\/wp-json\/wp\/v2\/pages\/1431"}],"collection":[{"href":"https:\/\/gehri.ch\/fr\/wp-json\/wp\/v2\/pages"}],"about":[{"href":"https:\/\/gehri.ch\/fr\/wp-json\/wp\/v2\/types\/page"}],"author":[{"embeddable":true,"href":"https:\/\/gehri.ch\/fr\/wp-json\/wp\/v2\/users\/2"}],"replies":[{"embeddable":true,"href":"https:\/\/gehri.ch\/fr\/wp-json\/wp\/v2\/comments?post=1431"}],"version-history":[{"count":3,"href":"https:\/\/gehri.ch\/fr\/wp-json\/wp\/v2\/pages\/1431\/revisions"}],"predecessor-version":[{"id":3596,"href":"https:\/\/gehri.ch\/fr\/wp-json\/wp\/v2\/pages\/1431\/revisions\/3596"}],"wp:attachment":[{"href":"https:\/\/gehri.ch\/fr\/wp-json\/wp\/v2\/media?parent=1431"}],"curies":[{"name":"wp","href":"https:\/\/api.w.org\/{rel}","templated":true}]}}